{"id":5839,"date":"2019-06-07T11:50:17","date_gmt":"2019-06-07T09:50:17","guid":{"rendered":"https:\/\/www.le-strasbourg.fr\/produit\/menu-marche\/"},"modified":"2020-06-02T10:12:22","modified_gmt":"2020-06-02T08:12:22","slug":"menu-marche","status":"publish","type":"product","link":"https:\/\/www.le-strasbourg.fr\/de\/produit\/menu-marche\/","title":{"rendered":"Men\u00fc March\u00e9 (f\u00fcr 2 pers.)"},"content":{"rendered":"","protected":false},"excerpt":{"rendered":"<p>Markt-Men\u00fc f\u00fcr 2 Personen \u2013 3 G\u00e4nge<\/p>\n<p>Je nach Saison und Qualit\u00e4t der Ware kocht Ihnen, Lutz Janisch ein Men\u00fc mit Vorspeise, Hauptgericht und Dessert<\/p>\n<p>Getr\u00e4nke Inkl: ein Aperitif, zwei Gl\u00e4ser Wein (10cl), Wasser, Kaffee<\/p>\n<p>Ausser Samstagabend und Sonntagmittag<\/p>\n<p>Dieser Gutschein ist nicht g\u00fcltig an Fest und Feiertagen, Samstag Abend und Sontag Mittag<\/p>\n<p>Dieser Geschenkgutschein wird Ihnen per Post zugeschickt<\/p>\n","protected":false},"featured_media":14208,"template":"","meta":[],"_links":{"self":[{"href":"https:\/\/www.le-strasbourg.fr\/de\/wp-json\/wp\/v2\/product\/5839"}],"collection":[{"href":"https:\/\/www.le-strasbourg.fr\/de\/wp-json\/wp\/v2\/product"}],"about":[{"href":"https:\/\/www.le-strasbourg.fr\/de\/wp-json\/wp\/v2\/types\/product"}],"wp:featuredmedia":[{"embeddable":true,"href":"https:\/\/www.le-strasbourg.fr\/de\/wp-json\/wp\/v2\/media\/14208"}],"wp:attachment":[{"href":"https:\/\/www.le-strasbourg.fr\/de\/wp-json\/wp\/v2\/media?parent=5839"}],"curies":[{"name":"wp","href":"https:\/\/api.w.org\/{rel}","templated":true}]}}