{"id":5837,"date":"2019-06-07T11:52:55","date_gmt":"2019-06-07T09:52:55","guid":{"rendered":"https:\/\/www.le-strasbourg.fr\/produit\/menu-strasbourg\/"},"modified":"2020-06-02T10:12:03","modified_gmt":"2020-06-02T08:12:03","slug":"menu-strasbourg","status":"publish","type":"product","link":"https:\/\/www.le-strasbourg.fr\/de\/produit\/menu-strasbourg\/","title":{"rendered":"Saisonmen\u00fc (f\u00fcr 2 pers.)"},"content":{"rendered":"","protected":false},"excerpt":{"rendered":"<div id=\"product-description-short-12\">\n<p>Ein Saisonmen\u00fc f\u00fcr 2 Personen &#8211; 5 G\u00e4nge<\/p>\n<p>Getr\u00e4nke Inkl \u00a0: ein Aperitif, drei Gl\u00e4ser Wein (10cl), Wasser, Kaffee<\/p>\n<p>Dieser Gutschein ist nicht g\u00fcltig an Fest und Feiertagen<\/p>\n<p>Dieser Geschenkgutschein wird Ihnen per Post zugeschickt<\/p>\n<\/div>\n","protected":false},"featured_media":14210,"template":"","meta":[],"_links":{"self":[{"href":"https:\/\/www.le-strasbourg.fr\/de\/wp-json\/wp\/v2\/product\/5837"}],"collection":[{"href":"https:\/\/www.le-strasbourg.fr\/de\/wp-json\/wp\/v2\/product"}],"about":[{"href":"https:\/\/www.le-strasbourg.fr\/de\/wp-json\/wp\/v2\/types\/product"}],"wp:featuredmedia":[{"embeddable":true,"href":"https:\/\/www.le-strasbourg.fr\/de\/wp-json\/wp\/v2\/media\/14210"}],"wp:attachment":[{"href":"https:\/\/www.le-strasbourg.fr\/de\/wp-json\/wp\/v2\/media?parent=5837"}],"curies":[{"name":"wp","href":"https:\/\/api.w.org\/{rel}","templated":true}]}}